{"id":230807,"date":"2023-04-18T03:27:49","date_gmt":"2023-04-18T03:27:49","guid":{"rendered":"https:\/\/livewhoyouare.co\/?page_id=230807"},"modified":"2023-08-31T23:39:15","modified_gmt":"2023-08-31T23:39:15","slug":"talleres","status":"publish","type":"page","link":"https:\/\/livewhoyouare.co\/en_us\/talleres\/","title":{"rendered":"WORKSHOPS"},"content":{"rendered":"<p>[et_pb_section fb_built=\u00bb1&#8243; disabled_on=\u00bboff|off|off\u00bb module_id=\u00bbgeneral\u00bb _builder_version=\u00bb4.20.4&#8243; _module_preset=\u00bbdefault\u00bb background_color=\u00bb#FFFFFF\u00bb custom_padding=\u00bb0px||0px||true|false\u00bb locked=\u00bboff\u00bb global_colors_info=\u00bb{}\u00bb][et_pb_row _builder_version=\u00bb4.20.4&#8243; _module_preset=\u00bbdefault\u00bb background_enable_color=\u00bboff\u00bb custom_padding=\u00bb||||false|false\u00bb global_colors_info=\u00bb{}\u00bb][et_pb_column type=\u00bb4_4&#8243; _builder_version=\u00bb4.20.4&#8243; _module_preset=\u00bbdefault\u00bb global_colors_info=\u00bb{}\u00bb][et_pb_text _builder_version=\u00bb4.20.4&#8243; _module_preset=\u00bbdefault\u00bb text_font=\u00bbMontserrat|700|||||||\u00bb text_text_color=\u00bb#C6A062&#8243; text_font_size=\u00bb50px\u00bb text_line_height=\u00bb1.6em\u00bb header_2_font=\u00bbMontserrat|700|||||||\u00bb header_2_font_size=\u00bb60px\u00bb text_font_size_tablet=\u00bb35px\u00bb text_font_size_phone=\u00bb25px\u00bb text_font_size_last_edited=\u00bbon|phone\u00bb header_2_font_size_tablet=\u00bb35px\u00bb header_2_font_size_phone=\u00bb30px\u00bb header_2_font_size_last_edited=\u00bbon|phone\u00bb global_colors_info=\u00bb{}\u00bb]<\/p>\n<h2>WORKSHOPS<\/h2>\n<p>[\/et_pb_text][\/et_pb_column][\/et_pb_row][\/et_pb_section][et_pb_section fb_built=\u00bb1&#8243; module_id=\u00bbworkshops\u00bb _builder_version=\u00bb4.20.4&#8243; _module_preset=\u00bbdefault\u00bb background_color=\u00bb#CBD5CF\u00bb custom_padding=\u00bb0px||||false|false\u00bb global_colors_info=\u00bb{}\u00bb][et_pb_row _builder_version=\u00bb4.20.4&#8243; _module_preset=\u00bbdefault\u00bb background_enable_color=\u00bboff\u00bb custom_padding=\u00bb||||false|false\u00bb global_colors_info=\u00bb{}\u00bb][et_pb_column type=\u00bb4_4&#8243; _builder_version=\u00bb4.20.4&#8243; _module_preset=\u00bbdefault\u00bb global_colors_info=\u00bb{}\u00bb][et_pb_text _builder_version=\u00bb4.21.0&#8243; _module_preset=\u00bbdefault\u00bb global_colors_info=\u00bb{}\u00bb]<\/p>\n<p>The \"LIVE WHO YOU ARE\" Coaching and Mentoring Workshops are designed to transform the lives of professionals who know they are capable of being and doing more than their current reality. However, for various reasons, they may feel frustrated or stagnant, lacking the motivation to make decisions and take committed action to fully embrace who they are. These workshops aim to empower individuals to live authentically, not only in their professional lives but also in a holistic manner across all aspects of their lives.<\/p>\n<p>[\/et_pb_text][\/et_pb_column][\/et_pb_row][et_pb_row make_equal=\u00bbon\u00bb disabled_on=\u00bboff|off|off\u00bb _builder_version=\u00bb4.21.0&#8243; _module_preset=\u00bbdefault\u00bb custom_margin=\u00bb||||false|false\u00bb custom_padding=\u00bb0px||0px||false|false\u00bb global_colors_info=\u00bb{}\u00bb][et_pb_column type=\u00bb4_4&#8243; _builder_version=\u00bb4.21.0&#8243; _module_preset=\u00bbdefault\u00bb background_color=\u00bbrgba(255,255,255,0.29)\u00bb custom_padding=\u00bb5%|3%||3%|false|true\u00bb border_radii=\u00bboff|15px|15px||\u00bb global_colors_info=\u00bb{}\u00bb][et_pb_text _builder_version=\u00bb4.20.4&#8243; _module_preset=\u00bbdefault\u00bb text_text_color=\u00bbrgba(56,70,80,0.77)\u00bb header_4_font=\u00bbhamiltone|600|||||||\u00bb header_4_text_align=\u00bbcenter\u00bb header_4_text_color=\u00bb#C6A062&#8243; header_4_font_size=\u00bb61px\u00bb header_4_letter_spacing=\u00bb3px\u00bb background_enable_color=\u00bboff\u00bb text_orientation=\u00bbleft\u00bb custom_margin=\u00bb||||false|false\u00bb header_4_font_size_tablet=\u00bb61px\u00bb header_4_font_size_phone=\u00bb50px\u00bb header_4_font_size_last_edited=\u00bbon|phone\u00bb global_colors_info=\u00bb{}\u00bb]<\/p>\n<h4>Content<\/h4>\n<p>[\/et_pb_text][et_pb_text _builder_version=\u00bb4.21.0&#8243; _module_preset=\u00bbdefault\u00bb custom_margin=\u00bb||0px||false|false\u00bb custom_padding=\u00bb||0px||false|false\u00bb global_colors_info=\u00bb{}\u00bb]<\/p>\n<p>I have consolidated the tools that have helped me the most in my process of discerning my purpose and professional growth. It brings me joy to share them with you on a beautiful journey of discovery, connection, and opportunities that you won't want to miss.<\/p>\n<p>[\/et_pb_text][\/et_pb_column][\/et_pb_row][et_pb_row column_structure=\u00bb1_2,1_2&#8243; use_custom_gutter=\u00bbon\u00bb gutter_width=\u00bb1&#8243; disabled_on=\u00bbon|on|off\u00bb _builder_version=\u00bb4.21.0&#8243; _module_preset=\u00bbdefault\u00bb background_color=\u00bbrgba(255,255,255,0.29)\u00bb global_colors_info=\u00bb{}\u00bb][et_pb_column type=\u00bb1_2&#8243; _builder_version=\u00bb4.21.0&#8243; _module_preset=\u00bbdefault\u00bb border_color_right=\u00bb#384650&#8243; global_colors_info=\u00bb{}\u00bb][et_pb_text _builder_version=\u00bb4.21.0&#8243; _module_preset=\u00bbdefault\u00bb text_orientation=\u00bbright\u00bb global_colors_info=\u00bb{}\u00bb]<\/p>\n<p><span>WEEK 1.\u00a0\u00a0<\/span><\/p>\n<p><span>WEEK 2.\u00a0\u00a0<\/span><\/p>\n<p><span>WEEK 3.\u00a0\u00a0<\/span><\/p>\n<p><span>WEEK 4.\u00a0\u00a0<\/span><\/p>\n<p><span>WEEK 5.\u00a0\u00a0<\/span><\/p>\n<p><span>WEEK 6.\u00a0\u00a0<\/span><\/p>\n<p><span>WEEK 8.\u00a0\u00a0<\/span><\/p>\n<p><span>WEEK 9.\u00a0\u00a0<\/span><\/p>\n<p><span>WEEK 10.\u00a0\u00a0<\/span><\/p>\n<p>[\/et_pb_text][\/et_pb_column][et_pb_column type=\u00bb1_2&#8243; _builder_version=\u00bb4.21.0&#8243; _module_preset=\u00bbdefault\u00bb border_color_right=\u00bb#384650&#8243; global_colors_info=\u00bb{}\u00bb][et_pb_text _builder_version=\u00bb4.21.0&#8243; _module_preset=\u00bbdefault\u00bb text_orientation=\u00bbleft\u00bb custom_padding=\u00bb||||false|false\u00bb global_colors_info=\u00bb{}\u00bb]<\/p>\n<p>Who are you today?\u00a0<\/p>\n<p>Own your energy\u00a0<\/p>\n<p>Develop your vision.\u00a0<\/p>\n<p>The power of your story.\u00a0<\/p>\n<p>Take inventory of your values, gifts, and talents.\u00a0\u00a0<\/p>\n<p>And 7. Define and apply your calling.<\/p>\n<p>Create prosperity.\u00a0\u00a0<\/p>\n<p>Gain and maintain momentum.<\/p>\n<p>Own who you are.<\/p>\n<p>[\/et_pb_text][\/et_pb_column][\/et_pb_row][et_pb_row use_custom_gutter=\u00bbon\u00bb gutter_width=\u00bb1&#8243; disabled_on=\u00bboff|off|on\u00bb _builder_version=\u00bb4.21.0&#8243; _module_preset=\u00bbdefault\u00bb background_color=\u00bbrgba(255,255,255,0.29)\u00bb global_colors_info=\u00bb{}\u00bb][et_pb_column type=\u00bb4_4&#8243; _builder_version=\u00bb4.21.0&#8243; _module_preset=\u00bbdefault\u00bb border_color_right=\u00bb#384650&#8243; global_colors_info=\u00bb{}\u00bb][et_pb_text _builder_version=\u00bb4.21.0&#8243; _module_preset=\u00bbdefault\u00bb text_orientation=\u00bbleft\u00bb custom_padding=\u00bb|6%||15%|false|false\u00bb global_colors_info=\u00bb{}\u00bb]<\/p>\n<p><span>SEMANA 1.\u00a0 \u00bfQui\u00e9n eres hoy?<\/span><\/p>\n<p><span>SEMANA 2.\u00a0 Apropiate de tu energ\u00eda.<\/span><\/p>\n<p><span>SEMANA 3.\u00a0 Desarrolla tu visi\u00f3n.<\/span><\/p>\n<p><span>SEMANA 4.\u00a0 El poder de tu historia.<\/span><\/p>\n<p><span>SEMANA 5.\u00a0 El inventario de tus valores, dones y talentos.<\/span><\/p>\n<p><span>SEMANA 6.\u00a0 Y 7. Define y aplica tu llamado.<\/span><\/p>\n<p><span>SEMANA 8.\u00a0 Crea prosperidad.<\/span><\/p>\n<p><span>SEMANA 9.\u00a0 Gana y mantiene impulso.<\/span><\/p>\n<p><span>SEMANA 10.\u00a0 Apr\u00f3piate de qui\u00e9n eres.<\/span><\/p>\n<p>[\/et_pb_text][et_pb_text _builder_version=\u00bb4.21.0&#8243; _module_preset=\u00bbdefault\u00bb text_orientation=\u00bbleft\u00bb custom_padding=\u00bb||||false|false\u00bb global_colors_info=\u00bb{}\u00bb][\/et_pb_text][\/et_pb_column][\/et_pb_row][et_pb_row make_equal=\u00bbon\u00bb disabled_on=\u00bboff|off|off\u00bb _builder_version=\u00bb4.21.0&#8243; _module_preset=\u00bbdefault\u00bb background_color=\u00bbrgba(255,255,255,0.29)\u00bb custom_margin=\u00bb||0px||false|false\u00bb custom_padding=\u00bb0px||||false|false\u00bb border_radii=\u00bboff|||15px|15px\u00bb global_colors_info=\u00bb{}\u00bb][et_pb_column type=\u00bb4_4&#8243; _builder_version=\u00bb4.21.0&#8243; _module_preset=\u00bbdefault\u00bb background_enable_color=\u00bboff\u00bb border_radii=\u00bbon|15px|15px|15px|15px\u00bb global_colors_info=\u00bb{}\u00bb][et_pb_text _builder_version=\u00bb4.21.0&#8243; _module_preset=\u00bbdefault\u00bb global_colors_info=\u00bb{}\u00bb]<\/p>\n<p>LIVE WHO YOU ARE!<\/p>\n<p>[\/et_pb_text][et_pb_button button_url=\u00bb\/contacto\/\u00bb button_text=\u00bbInscr\u00edbete\u00bb _builder_version=\u00bb4.21.0&#8243; _module_preset=\u00bbdefault\u00bb custom_button=\u00bbon\u00bb global_colors_info=\u00bb{}\u00bb][\/et_pb_button][et_pb_text _builder_version=\u00bb4.21.0&#8243; _module_preset=\u00bbdefault\u00bb custom_padding=\u00bb|11%||11%|false|true\u00bb custom_padding_tablet=\u00bb|11%||11%|false|true\u00bb custom_padding_phone=\u00bb|5%||5%|false|true\u00bb custom_padding_last_edited=\u00bbon|desktop\u00bb global_colors_info=\u00bb{}\u00bb]<\/p>\n<p>This workshop is designed so that you can prioritize yourself and your goals without interrupting your current life. You will have the time and space to internalize what has been shared over a period of time, along with the necessary support that will enable you to transform your life in a sustainable way.<\/p>\n<p>Modalidad: Sesiones semanales de videoconferencia y acompa\u00f1amiento entre sesiones.<\/p>\n<p>Si te gustar\u00eda trabajar conmigo sesiones de coaching, fuera del esquema del taller, ser\u00e1 un gusto platicar contigo.\u00a0<\/p>\n<p><strong>Schedule a call with me for more information!<\/strong><\/p>\n<p>It is very important for me to be present for my family and clients, and as much as I would love to serve you on your journey, I can only attend to a limited group at a time.<\/p>\n<p>Your purpose begins with your decision!<\/p>\n<p>[\/et_pb_text][et_pb_button button_url=\u00bb\/contacto\/\u00bb button_text=\u00bbInscr\u00edbete\u00bb _builder_version=\u00bb4.21.0&#8243; _module_preset=\u00bbdefault\u00bb custom_button=\u00bbon\u00bb global_colors_info=\u00bb{}\u00bb][\/et_pb_button][\/et_pb_column][\/et_pb_row][\/et_pb_section][et_pb_section fb_built=\u00bb1&#8243; module_id=\u00bbideal\u00bb _builder_version=\u00bb4.20.4&#8243; _module_preset=\u00bbdefault\u00bb background_enable_color=\u00bboff\u00bb global_colors_info=\u00bb{}\u00bb][et_pb_row column_structure=\u00bb1_2,1_2&#8243; make_equal=\u00bbon\u00bb _builder_version=\u00bb4.21.0&#8243; _module_preset=\u00bbdefault\u00bb custom_css_main_element=\u00bbalign-items:center;\u00bb global_colors_info=\u00bb{}\u00bb][et_pb_column type=\u00bb1_2&#8243; _builder_version=\u00bb4.21.0&#8243; _module_preset=\u00bbdefault\u00bb custom_css_main_element=\u00bbmargin:auto;\u00bb global_colors_info=\u00bb{}\u00bb][et_pb_text _builder_version=\u00bb4.20.4&#8243; _module_preset=\u00bbdefault\u00bb header_2_text_align=\u00bbleft\u00bb header_2_text_color=\u00bb#384650&#8243; header_5_font=\u00bbhamiltone|700|||||||\u00bb header_5_text_color=\u00bb#C6A062&#8243; header_5_font_size=\u00bb45px\u00bb text_orientation=\u00bbjustified\u00bb header_2_font_size_tablet=\u00bb35px\u00bb header_2_font_size_phone=\u00bb35px\u00bb header_2_font_size_last_edited=\u00bbon|phone\u00bb locked=\u00bboff\u00bb global_colors_info=\u00bb{}\u00bb]<\/p>\n<h2><span>Who is my ideal client?<\/span><\/h2>\n<p>The person who considers themselves highly committed to making their life a valuable journey; who feels stuck in their professional life or in their own comprehensive description of \"self-realization\" and yearns to make intentional and accurate decisions that allow them to live a happy and fulfilled life. That person who is determined to actively work towards achieving their goals because they are not satisfied with recognizing that the beats of their heart do not pulsate with the same passion and rhythm as the passing time.<br \/>My ideal client is a human being who recognizes themselves as a child of God and knows that it is pointless to light their own light if they do not illuminate the lives of others with it.<br \/>The workshops are not of a religious nature, but they do have a high content of God's love because it is the language of our spirit.<br \/>All Christians are welcome!<\/p>\n<p>[\/et_pb_text][et_pb_button button_url=\u00bb\/contacto\/\u00bb button_text=\u00bbInscr\u00edbete\u00bb button_alignment=\u00bbleft\u00bb _builder_version=\u00bb4.21.0&#8243; _module_preset=\u00bbdefault\u00bb custom_button=\u00bbon\u00bb global_colors_info=\u00bb{}\u00bb][\/et_pb_button][\/et_pb_column][et_pb_column type=\u00bb1_2&#8243; _builder_version=\u00bb4.20.4&#8243; _module_preset=\u00bbdefault\u00bb global_colors_info=\u00bb{}\u00bb][et_pb_image src=\u00bbhttps:\/\/livewhoyouare.co\/wp-content\/uploads\/2023\/04\/teamwork-meeting-with-business-people-scaled.jpg\u00bb title_text=\u00bbteamwork-meeting-with-business-people\u00bb _builder_version=\u00bb4.20.4&#8243; _module_preset=\u00bbdefault\u00bb custom_margin_tablet=\u00bb5%||||false|false\u00bb custom_margin_phone=\u00bb5%||||false|false\u00bb custom_margin_last_edited=\u00bbon|phone\u00bb custom_padding_last_edited=\u00bboff|tablet\u00bb global_colors_info=\u00bb{}\u00bb][\/et_pb_image][\/et_pb_column][\/et_pb_row][\/et_pb_section][et_pb_section fb_built=\u00bb1&#8243; disabled_on=\u00bboff|off|off\u00bb module_id=\u00bbquetions\u00bb _builder_version=\u00bb4.20.4&#8243; _module_preset=\u00bbdefault\u00bb background_color=\u00bb#EBEBEB\u00bb global_colors_info=\u00bb{}\u00bb][et_pb_row _builder_version=\u00bb4.20.4&#8243; _module_preset=\u00bbdefault\u00bb locked=\u00bboff\u00bb global_colors_info=\u00bb{}\u00bb][et_pb_column type=\u00bb4_4&#8243; _builder_version=\u00bb4.20.4&#8243; _module_preset=\u00bbdefault\u00bb global_colors_info=\u00bb{}\u00bb][et_pb_text _builder_version=\u00bb4.20.4&#8243; _module_preset=\u00bbdefault\u00bb text_font=\u00bb||||||||\u00bb header_font=\u00bb|600|||||||\u00bb header_2_text_color=\u00bb#384650&#8243; header_2_font_size_tablet=\u00bb35px\u00bb header_2_font_size_phone=\u00bb35px\u00bb header_2_font_size_last_edited=\u00bbon|phone\u00bb global_colors_info=\u00bb{}\u00bb]<\/p>\n<h2><span>Si alguna de estas 10 preguntas describen c\u00f3mo te sientes, haz llegado al lugar correcto.<\/span><\/h2>\n<p>[\/et_pb_text][\/et_pb_column][\/et_pb_row][et_pb_row column_structure=\u00bb1_2,1_2&#8243; _builder_version=\u00bb4.20.4&#8243; _module_preset=\u00bbdefault\u00bb global_colors_info=\u00bb{}\u00bb][et_pb_column type=\u00bb1_2&#8243; _builder_version=\u00bb4.20.4&#8243; _module_preset=\u00bbdefault\u00bb global_colors_info=\u00bb{}\u00bb][et_pb_blurb title=\u00bb\u00bfSientes que trabajas y entregas todo de t\u00ed pero hay \u201calgo\u201d que a\u00fan falta?\u00bb use_icon=\u00bbon\u00bb font_icon=\u00bb&#x75;||divi||400&#8243; image_icon_background_color=\u00bbRGBA(255,255,255,0)\u00bb icon_placement=\u00bbleft\u00bb _builder_version=\u00bb4.20.4&#8243; _module_preset=\u00bbdefault\u00bb header_line_height=\u00bb1.4em\u00bb global_colors_info=\u00bb{}\u00bb][\/et_pb_blurb][et_pb_blurb title=\u00bb\u00bfSientes un deseo por hacer tus propias cosas, pero no sabes qu\u00e9?\u00bb use_icon=\u00bbon\u00bb font_icon=\u00bb&#x75;||divi||400&#8243; image_icon_background_color=\u00bbRGBA(255,255,255,0)\u00bb icon_placement=\u00bbleft\u00bb _builder_version=\u00bb4.20.4&#8243; _module_preset=\u00bbdefault\u00bb header_line_height=\u00bb1.4em\u00bb global_colors_info=\u00bb{}\u00bb][\/et_pb_blurb][et_pb_blurb title=\u00bb\u00bfEst\u00e1s en un impasse en tu vida en el que no tienes trabajo y no sabes qu\u00e9 exactamente andas buscando?\u00bb use_icon=\u00bbon\u00bb font_icon=\u00bb&#x75;||divi||400&#8243; image_icon_background_color=\u00bbRGBA(255,255,255,0)\u00bb icon_placement=\u00bbleft\u00bb _builder_version=\u00bb4.20.4&#8243; _module_preset=\u00bbdefault\u00bb header_line_height=\u00bb1.4em\u00bb global_colors_info=\u00bb{}\u00bb][\/et_pb_blurb][et_pb_blurb title=\u00bb\u00bfNo te sientes bien en tu trabajo o agradeces tu empleo, pero est\u00e1s cansado de dar todo de t\u00ed para el negocio de alguien m\u00e1s?\u00bb use_icon=\u00bbon\u00bb font_icon=\u00bb&#x75;||divi||400&#8243; image_icon_background_color=\u00bbRGBA(255,255,255,0)\u00bb icon_placement=\u00bbleft\u00bb _builder_version=\u00bb4.20.4&#8243; _module_preset=\u00bbdefault\u00bb header_line_height=\u00bb1.4em\u00bb global_colors_info=\u00bb{}\u00bb][\/et_pb_blurb][et_pb_blurb title=\u00bb\u00bfQuieres que tus decisiones sean m\u00e1s intencionales a partir de este momento de tu vida?\u00bb use_icon=\u00bbon\u00bb font_icon=\u00bb&#x75;||divi||400&#8243; image_icon_background_color=\u00bbRGBA(255,255,255,0)\u00bb icon_placement=\u00bbleft\u00bb _builder_version=\u00bb4.20.4&#8243; _module_preset=\u00bbdefault\u00bb header_line_height=\u00bb1.4em\u00bb global_colors_info=\u00bb{}\u00bb][\/et_pb_blurb][\/et_pb_column][et_pb_column type=\u00bb1_2&#8243; _builder_version=\u00bb4.20.4&#8243; _module_preset=\u00bbdefault\u00bb global_colors_info=\u00bb{}\u00bb][et_pb_blurb title=\u00bb\u00bfQuieres estar 100% seguro de conocer y honrar tu prop\u00f3sito?&#8230; y \u00bfc\u00f3mo hacerlo?\u00bb use_icon=\u00bbon\u00bb font_icon=\u00bb&#x75;||divi||400&#8243; image_icon_background_color=\u00bbRGBA(255,255,255,0)\u00bb icon_placement=\u00bbleft\u00bb _builder_version=\u00bb4.20.4&#8243; _module_preset=\u00bbdefault\u00bb header_line_height=\u00bb1.4em\u00bb global_colors_info=\u00bb{}\u00bb][\/et_pb_blurb][et_pb_blurb title=\u00bb\u00bfSientes que no est\u00e1s respondi\u00e9ndole a Dios con tu vida de la forma que crees \u00c9l espera de t\u00ed?\u00bb use_icon=\u00bbon\u00bb font_icon=\u00bb&#x75;||divi||400&#8243; image_icon_background_color=\u00bbRGBA(255,255,255,0)\u00bb icon_placement=\u00bbleft\u00bb _builder_version=\u00bb4.20.4&#8243; _module_preset=\u00bbdefault\u00bb header_line_height=\u00bb1.4em\u00bb global_colors_info=\u00bb{}\u00bb][\/et_pb_blurb][et_pb_blurb title=\u00bb\u00bfEst\u00e1s cansado de sentirte estancado y \u201cno ser suficiente\u201d?\u00bb use_icon=\u00bbon\u00bb font_icon=\u00bb&#x75;||divi||400&#8243; image_icon_background_color=\u00bbRGBA(255,255,255,0)\u00bb icon_placement=\u00bbleft\u00bb _builder_version=\u00bb4.20.4&#8243; _module_preset=\u00bbdefault\u00bb header_line_height=\u00bb1.4em\u00bb global_colors_info=\u00bb{}\u00bb][\/et_pb_blurb][et_pb_blurb title=\u00bb\u00bfLas voces y consejos de los dem\u00e1s te confunden y quieres poder encontrar tus propias respuestas y tomar tus propias decisiones?\u00bb use_icon=\u00bbon\u00bb font_icon=\u00bb&#x75;||divi||400&#8243; image_icon_background_color=\u00bbRGBA(255,255,255,0)\u00bb icon_placement=\u00bbleft\u00bb _builder_version=\u00bb4.20.4&#8243; _module_preset=\u00bbdefault\u00bb header_line_height=\u00bb1.4em\u00bb global_colors_info=\u00bb{}\u00bb][\/et_pb_blurb][et_pb_blurb title=\u00bb\u00bfQuieres deshacerte de tus miedos, culpas y otras limitaciones y sentirte feliz?\u00bb use_icon=\u00bbon\u00bb font_icon=\u00bb&#x75;||divi||400&#8243; image_icon_background_color=\u00bbRGBA(255,255,255,0)\u00bb icon_placement=\u00bbleft\u00bb _builder_version=\u00bb4.20.4&#8243; _module_preset=\u00bbdefault\u00bb header_line_height=\u00bb1.4em\u00bb global_colors_info=\u00bb{}\u00bb][\/et_pb_blurb][\/et_pb_column][\/et_pb_row][\/et_pb_section][et_pb_section fb_built=\u00bb1&#8243; custom_padding_last_edited=\u00bbon|phone\u00bb _builder_version=\u00bb4.21.0&#8243; _module_preset=\u00bbdefault\u00bb custom_padding=\u00bb27%||||false|false\u00bb custom_padding_tablet=\u00bb50%||||false|false\u00bb custom_padding_phone=\u00bb80%||||false|false\u00bb locked=\u00bboff\u00bb global_colors_info=\u00bb{}\u00bb][et_pb_row _builder_version=\u00bb4.20.4&#8243; _module_preset=\u00bbdefault\u00bb background_color=\u00bb#CBD5CF\u00bb positioning=\u00bbabsolute\u00bb position_origin_a=\u00bbbottom_center\u00bb width=\u00bb30%\u00bb width_tablet=\u00bb60%\u00bb width_phone=\u00bb77%\u00bb width_last_edited=\u00bbon|phone\u00bb custom_margin=\u00bb||||true|false\u00bb custom_padding=\u00bb8%|2%|3%|2%|false|true\u00bb border_radii=\u00bboff|400px|400px||\u00bb locked=\u00bboff\u00bb global_colors_info=\u00bb{}\u00bb][et_pb_column type=\u00bb4_4&#8243; _builder_version=\u00bb4.20.4&#8243; _module_preset=\u00bbdefault\u00bb global_colors_info=\u00bb{}\u00bb][et_pb_image src=\u00bbhttps:\/\/livewhoyouare.co\/wp-content\/uploads\/2023\/04\/Asset-3@300x.png\u00bb title_text=\u00bbAsset 3@300x\u00bb _builder_version=\u00bb4.20.4&#8243; _module_preset=\u00bbdefault\u00bb width=\u00bb70%\u00bb width_tablet=\u00bb64%\u00bb width_phone=\u00bb67%\u00bb width_last_edited=\u00bbon|tablet\u00bb module_alignment=\u00bbcenter\u00bb global_colors_info=\u00bb{}\u00bb][\/et_pb_image][et_pb_text _builder_version=\u00bb4.20.4&#8243; _module_preset=\u00bbdefault\u00bb text_font=\u00bb||||||||\u00bb global_colors_info=\u00bb{}\u00bb]<\/p>\n<p>\u201cThere is no passion to be found playing small, in settling for a life that is less than the one you are capable of living.\u201d<\/p>\n<p><strong>-Nelson Mandela<\/strong><\/p>\n<p>[\/et_pb_text][et_pb_button button_url=\u00bb\/contacto\/\u00bb button_text=\u00bbInscr\u00edbete\u00bb _builder_version=\u00bb4.21.0&#8243; _module_preset=\u00bbdefault\u00bb custom_button=\u00bbon\u00bb custom_margin=\u00bb9%||||false|false\u00bb global_colors_info=\u00bb{}\u00bb][\/et_pb_button][\/et_pb_column][\/et_pb_row][\/et_pb_section]<\/p>","protected":false},"excerpt":{"rendered":"<p>TALLERESLos Talleres de Coaching y Mentor\u00eda \u201cLIVE WHO YOU ARE\u201d est\u00e1n dise\u00f1ados para transformar la vida de aquellos profesionales que se saben capaces de ser y hacer m\u00e1s de su realidad actual, pero que por distintos motivos se sienten frustrados o estancados con la necesidad de tomar decisiones y poder tener la motivaci\u00f3n de actuar [&hellip;]<\/p>","protected":false},"author":1,"featured_media":0,"parent":0,"menu_order":0,"comment_status":"closed","ping_status":"closed","template":"","meta":{"_et_pb_use_builder":"on","_et_pb_old_content":"","_et_gb_content_width":"","_view_id":"","footnotes":""},"class_list":["post-230807","page","type-page","status-publish","hentry"],"_links":{"self":[{"href":"https:\/\/livewhoyouare.co\/en_us\/wp-json\/wp\/v2\/pages\/230807","targetHints":{"allow":["GET"]}}],"collection":[{"href":"https:\/\/livewhoyouare.co\/en_us\/wp-json\/wp\/v2\/pages"}],"about":[{"href":"https:\/\/livewhoyouare.co\/en_us\/wp-json\/wp\/v2\/types\/page"}],"author":[{"embeddable":true,"href":"https:\/\/livewhoyouare.co\/en_us\/wp-json\/wp\/v2\/users\/1"}],"replies":[{"embeddable":true,"href":"https:\/\/livewhoyouare.co\/en_us\/wp-json\/wp\/v2\/comments?post=230807"}],"version-history":[{"count":13,"href":"https:\/\/livewhoyouare.co\/en_us\/wp-json\/wp\/v2\/pages\/230807\/revisions"}],"predecessor-version":[{"id":231786,"href":"https:\/\/livewhoyouare.co\/en_us\/wp-json\/wp\/v2\/pages\/230807\/revisions\/231786"}],"wp:attachment":[{"href":"https:\/\/livewhoyouare.co\/en_us\/wp-json\/wp\/v2\/media?parent=230807"}],"curies":[{"name":"wp","href":"https:\/\/api.w.org\/{rel}","templated":true}]}}