{"id":230808,"date":"2023-04-18T03:27:48","date_gmt":"2023-04-18T03:27:48","guid":{"rendered":"https:\/\/livewhoyouare.co\/?page_id=230808"},"modified":"2023-08-16T05:48:12","modified_gmt":"2023-08-16T05:48:12","slug":"blog","status":"publish","type":"page","link":"https:\/\/livewhoyouare.co\/en_us\/blog\/","title":{"rendered":"Blog"},"content":{"rendered":"<p>[et_pb_section fb_built=\u00bb1&#8243; _builder_version=\u00bb4.20.4&#8243; _module_preset=\u00bbdefault\u00bb custom_padding=\u00bb0px||0px||true|false\u00bb global_colors_info=\u00bb{}\u00bb][et_pb_row _builder_version=\u00bb4.20.4&#8243; _module_preset=\u00bbdefault\u00bb background_enable_color=\u00bboff\u00bb custom_padding=\u00bb||||false|false\u00bb locked=\u00bboff\u00bb global_colors_info=\u00bb{}\u00bb][et_pb_column type=\u00bb4_4&#8243; _builder_version=\u00bb4.20.4&#8243; _module_preset=\u00bbdefault\u00bb global_colors_info=\u00bb{}\u00bb][et_pb_text _builder_version=\u00bb4.20.4&#8243; _module_preset=\u00bbdefault\u00bb text_font=\u00bbMontserrat|700|||||||\u00bb text_text_color=\u00bb#C6A062&#8243; text_font_size=\u00bb50px\u00bb text_line_height=\u00bb1.6em\u00bb header_2_font=\u00bbMontserrat|700||on|||||\u00bb header_2_font_size=\u00bb60px\u00bb text_font_size_tablet=\u00bb35px\u00bb text_font_size_phone=\u00bb25px\u00bb text_font_size_last_edited=\u00bbon|phone\u00bb header_2_font_size_tablet=\u00bb35px\u00bb header_2_font_size_phone=\u00bb30px\u00bb header_2_font_size_last_edited=\u00bbon|phone\u00bb global_colors_info=\u00bb{}\u00bb]<\/p>\n<h2>Blogs<\/h2>\n<p>[\/et_pb_text][\/et_pb_column][\/et_pb_row][\/et_pb_section][et_pb_section fb_built=\u00bb1&#8243; _builder_version=\u00bb4.20.4&#8243; _module_preset=\u00bbdefault\u00bb background_color=\u00bb#CBD5CF\u00bb global_colors_info=\u00bb{}\u00bb][et_pb_row _builder_version=\u00bb4.20.4&#8243; _module_preset=\u00bbdefault\u00bb max_width=\u00bb80%\u00bb global_colors_info=\u00bb{}\u00bb][et_pb_column type=\u00bb4_4&#8243; _builder_version=\u00bb4.20.4&#8243; _module_preset=\u00bbdefault\u00bb global_colors_info=\u00bb{}\u00bb][et_pb_blog fullwidth=\u00bboff\u00bb posts_number=\u00bb15&#8243; include_categories=\u00bball\u00bb excerpt_length=\u00bb200&#8243; masonry_tile_background_color=\u00bbrgba(255,255,255,0.43)\u00bb _builder_version=\u00bb4.21.0&#8243; _module_preset=\u00bbdefault\u00bb header_font_size=\u00bb18px\u00bb background_enable_color=\u00bboff\u00bb hover_enabled=\u00bb0&#8243; global_colors_info=\u00bb{}\u00bb sticky_enabled=\u00bb0&#8243;][\/et_pb_blog][\/et_pb_column][\/et_pb_row][\/et_pb_section][et_pb_section fb_built=\u00bb1&#8243; _builder_version=\u00bb4.21.0&#8243; _module_preset=\u00bbdefault\u00bb background_enable_color=\u00bboff\u00bb locked=\u00bboff\u00bb global_colors_info=\u00bb{}\u00bb][et_pb_row column_structure=\u00bb1_2,1_2&#8243; make_equal=\u00bbon\u00bb _builder_version=\u00bb4.21.0&#8243; _module_preset=\u00bbdefault\u00bb background_color=\u00bbrgba(203,213,207,0.49)\u00bb max_width=\u00bb2560px\u00bb custom_margin=\u00bb||||false|false\u00bb custom_padding=\u00bb3%|5%|3%|5%|true|true\u00bb custom_css_main_element=\u00bbalign-items:center;\u00bb global_colors_info=\u00bb{}\u00bb][et_pb_column type=\u00bb1_2&#8243; _builder_version=\u00bb4.21.0&#8243; _module_preset=\u00bbdefault\u00bb custom_padding=\u00bb|20px||20px|false|true\u00bb global_colors_info=\u00bb{}\u00bb][et_pb_text _builder_version=\u00bb4.21.0&#8243; _module_preset=\u00bbdefault\u00bb header_3_text_align=\u00bbleft\u00bb header_3_text_color=\u00bb#384650&#8243; text_orientation=\u00bbleft\u00bb global_colors_info=\u00bb{}\u00bb]<\/p>\n<h3><span>My Weekly Newsletter<\/span><\/h3>\n<p><span><\/span><\/p>\n<p><span style=\"font-size: large;\">Every Thursday, I will send you a teaching that you can implement in your process of redefining yourself and answering your call.\u00a0Sign up and let's grow together. <\/span><\/p>\n<p>[\/et_pb_text][\/et_pb_column][et_pb_column type=\u00bb1_2&#8243; _builder_version=\u00bb4.21.0&#8243; _module_preset=\u00bbdefault\u00bb global_colors_info=\u00bb{}\u00bb][et_pb_signup mailchimp_list=\u00bbundefined|\u00bb first_name_fullwidth=\u00bboff\u00bb last_name_fullwidth=\u00bboff\u00bb button_text=\u00bbEnviar\u00bb _builder_version=\u00bb4.21.0&#8243; _module_preset=\u00bbdefault\u00bb form_field_background_color=\u00bb#d3dcd7&#8243; form_field_text_color=\u00bb#000000&#8243; form_field_font=\u00bbMontserrat|500|||||||\u00bb form_field_font_size=\u00bb14px\u00bb background_color=\u00bbrgba(235,235,235,0.4)\u00bb custom_button=\u00bbon\u00bb button_text_color=\u00bb#CBD5CF\u00bb button_bg_color=\u00bb#384650&#8243; button_border_width=\u00bb0px\u00bb button_use_icon=\u00bboff\u00bb global_colors_info=\u00bb{}\u00bb button_border_color__hover_enabled=\u00bbon|desktop\u00bb][\/et_pb_signup][\/et_pb_column][\/et_pb_row][\/et_pb_section][et_pb_section fb_built=\u00bb1&#8243; custom_padding_last_edited=\u00bbon|phone\u00bb _builder_version=\u00bb4.21.0&#8243; _module_preset=\u00bbdefault\u00bb custom_padding=\u00bb27%||||false|false\u00bb custom_padding_tablet=\u00bb50%||||false|false\u00bb custom_padding_phone=\u00bb80%||||false|false\u00bb locked=\u00bboff\u00bb global_colors_info=\u00bb{}\u00bb][et_pb_row _builder_version=\u00bb4.20.4&#8243; _module_preset=\u00bbdefault\u00bb background_color=\u00bb#CBD5CF\u00bb positioning=\u00bbabsolute\u00bb position_origin_a=\u00bbbottom_center\u00bb width=\u00bb30%\u00bb width_tablet=\u00bb60%\u00bb width_phone=\u00bb77%\u00bb width_last_edited=\u00bbon|phone\u00bb custom_margin=\u00bb||||true|false\u00bb custom_padding=\u00bb8%|2%|3%|2%|false|true\u00bb border_radii=\u00bboff|400px|400px||\u00bb locked=\u00bboff\u00bb global_colors_info=\u00bb{}\u00bb][et_pb_column type=\u00bb4_4&#8243; _builder_version=\u00bb4.20.4&#8243; _module_preset=\u00bbdefault\u00bb global_colors_info=\u00bb{}\u00bb][et_pb_image src=\u00bbhttps:\/\/livewhoyouare.co\/wp-content\/uploads\/2023\/04\/Asset-3@300x.png\u00bb title_text=\u00bbAsset 3@300x\u00bb _builder_version=\u00bb4.20.4&#8243; _module_preset=\u00bbdefault\u00bb width=\u00bb70%\u00bb width_tablet=\u00bb64%\u00bb width_phone=\u00bb67%\u00bb width_last_edited=\u00bbon|tablet\u00bb module_alignment=\u00bbcenter\u00bb global_colors_info=\u00bb{}\u00bb][\/et_pb_image][et_pb_text _builder_version=\u00bb4.20.4&#8243; _module_preset=\u00bbdefault\u00bb text_font=\u00bb||||||||\u00bb global_colors_info=\u00bb{}\u00bb]<\/p>\n<p>\u201cYour life is your MESSAGE to the world. Make sure it&#8217;s INSPIRING.\u201d<br \/><strong>&#8211; Lorrin L. L<\/strong><\/p>\n<p>[\/et_pb_text][et_pb_button button_url=\u00bb\/contacto\/\u00bb button_text=\u00bbInscr\u00edbete\u00bb _builder_version=\u00bb4.21.0&#8243; _module_preset=\u00bbdefault\u00bb custom_button=\u00bbon\u00bb custom_margin=\u00bb9%||||false|false\u00bb global_colors_info=\u00bb{}\u00bb][\/et_pb_button][\/et_pb_column][\/et_pb_row][\/et_pb_section]<\/p>","protected":false},"excerpt":{"rendered":"<p>BlogsMy Weekly Newsletter Cada Jueves, te enviar\u00e9 una ense\u00f1anza que puedes implementar en tu proceso de redefinirte y atender tu llamado. Inscr\u00edbete y crezcamos juntos. \u201cYour life is your MESSAGE to the world. Make sure it&#8217;s INSPIRING.\u201d- Lorrin L. L<\/p>","protected":false},"author":1,"featured_media":0,"parent":0,"menu_order":0,"comment_status":"closed","ping_status":"closed","template":"","meta":{"_et_pb_use_builder":"on","_et_pb_old_content":"","_et_gb_content_width":"","_view_id":"","footnotes":""},"class_list":["post-230808","page","type-page","status-publish","hentry"],"_links":{"self":[{"href":"https:\/\/livewhoyouare.co\/en_us\/wp-json\/wp\/v2\/pages\/230808","targetHints":{"allow":["GET"]}}],"collection":[{"href":"https:\/\/livewhoyouare.co\/en_us\/wp-json\/wp\/v2\/pages"}],"about":[{"href":"https:\/\/livewhoyouare.co\/en_us\/wp-json\/wp\/v2\/types\/page"}],"author":[{"embeddable":true,"href":"https:\/\/livewhoyouare.co\/en_us\/wp-json\/wp\/v2\/users\/1"}],"replies":[{"embeddable":true,"href":"https:\/\/livewhoyouare.co\/en_us\/wp-json\/wp\/v2\/comments?post=230808"}],"version-history":[{"count":6,"href":"https:\/\/livewhoyouare.co\/en_us\/wp-json\/wp\/v2\/pages\/230808\/revisions"}],"predecessor-version":[{"id":231776,"href":"https:\/\/livewhoyouare.co\/en_us\/wp-json\/wp\/v2\/pages\/230808\/revisions\/231776"}],"wp:attachment":[{"href":"https:\/\/livewhoyouare.co\/en_us\/wp-json\/wp\/v2\/media?parent=230808"}],"curies":[{"name":"wp","href":"https:\/\/api.w.org\/{rel}","templated":true}]}}