{"id":230809,"date":"2023-04-18T03:27:56","date_gmt":"2023-04-18T03:27:56","guid":{"rendered":"https:\/\/livewhoyouare.co\/?page_id=230809"},"modified":"2023-05-25T06:54:17","modified_gmt":"2023-05-25T06:54:17","slug":"contacto","status":"publish","type":"page","link":"https:\/\/livewhoyouare.co\/en_us\/contacto\/","title":{"rendered":"CONTACT"},"content":{"rendered":"<p>[et_pb_section fb_built=\u00bb1&#8243; disabled_on=\u00bboff|off|off\u00bb _builder_version=\u00bb4.20.4&#8243; _module_preset=\u00bbdefault\u00bb background_color=\u00bb#FFFFFF\u00bb background_enable_image=\u00bboff\u00bb background_position=\u00bbbottom_center\u00bb custom_padding=\u00bb0px||0px||true|false\u00bb locked=\u00bboff\u00bb global_colors_info=\u00bb{}\u00bb][et_pb_row _builder_version=\u00bb4.20.4&#8243; _module_preset=\u00bbdefault\u00bb global_colors_info=\u00bb{}\u00bb][et_pb_column type=\u00bb4_4&#8243; _builder_version=\u00bb4.20.4&#8243; _module_preset=\u00bbdefault\u00bb global_colors_info=\u00bb{}\u00bb][et_pb_text _builder_version=\u00bb4.20.4&#8243; _module_preset=\u00bbdefault\u00bb text_font=\u00bbMontserrat|700|||||||\u00bb text_text_color=\u00bb#C6A062&#8243; text_font_size=\u00bb50px\u00bb text_line_height=\u00bb1.6em\u00bb header_2_font=\u00bbMontserrat|700|||||||\u00bb header_2_font_size=\u00bb60px\u00bb text_font_size_tablet=\u00bb35px\u00bb text_font_size_phone=\u00bb25px\u00bb text_font_size_last_edited=\u00bbon|phone\u00bb header_2_font_size_tablet=\u00bb35px\u00bb header_2_font_size_phone=\u00bb30px\u00bb header_2_font_size_last_edited=\u00bbon|phone\u00bb global_colors_info=\u00bb{}\u00bb]<\/p>\n<h2 align=\"left\">LET'S TALK!<\/h2>\n<p>[\/et_pb_text][\/et_pb_column][\/et_pb_row][\/et_pb_section][et_pb_section fb_built=\u00bb1&#8243; _builder_version=\u00bb4.20.4&#8243; _module_preset=\u00bbdefault\u00bb background_color=\u00bbrgba(203,213,207,0.7)\u00bb global_colors_info=\u00bb{}\u00bb][et_pb_row _builder_version=\u00bb4.21.0&#8243; _module_preset=\u00bbdefault\u00bb global_colors_info=\u00bb{}\u00bb][et_pb_column type=\u00bb4_4&#8243; _builder_version=\u00bb4.20.4&#8243; _module_preset=\u00bbdefault\u00bb global_colors_info=\u00bb{}\u00bb][et_pb_text _builder_version=\u00bb4.20.4&#8243; _module_preset=\u00bbdefault\u00bb text_font=\u00bb||||||||\u00bb header_font=\u00bb|600|||||||\u00bb header_2_text_color=\u00bb#384650&#8243; global_colors_info=\u00bb{}\u00bb]<\/p>\n<p>Please select the time that best suits you from the options available on my calendar. I would love to meet with you, provide detailed information about the workshop, and support you in bringing your purpose to life.<\/p>\n<p>[\/et_pb_text][et_pb_code _builder_version=\u00bb4.20.4&#8243; _module_preset=\u00bbdefault\u00bb global_colors_info=\u00bb{}\u00bb]<\/p>\n<div style=\"display:flex;height:830px;width:100%;min-width:240px;flex:1\"><!-- [et_pb_line_break_holder] -->  <iframe src=\"https:\/\/app.practice.do\/me\/maria-e-zavala\/book\/taller-livewhoyouare-?iframe=true&#038;iframe=title&#038;iframe=availability\" style=\"border:0;width:100%;flex:1\"><\/iframe><!-- [et_pb_line_break_holder] --><\/div>\n<p>[\/et_pb_code][et_pb_text _builder_version=\u00bb4.20.4&#8243; _module_preset=\u00bbdefault\u00bb text_font=\u00bb||||||||\u00bb header_font=\u00bb|600|||||||\u00bb header_2_text_color=\u00bb#384650&#8243; global_colors_info=\u00bb{}\u00bb]<\/p>\n<p align=\"center\">For any other questions, please fill out the contact form, and I will gladly reply to you by email as soon as possible.<\/p>\n<p>[\/et_pb_text][\/et_pb_column][\/et_pb_row][et_pb_row column_structure=\u00bb1_2,1_2&#8243; make_equal=\u00bbon\u00bb _builder_version=\u00bb4.21.0&#8243; _module_preset=\u00bbdefault\u00bb locked=\u00bboff\u00bb global_colors_info=\u00bb{}\u00bb][et_pb_column type=\u00bb1_2&#8243; _builder_version=\u00bb4.21.0&#8243; _module_preset=\u00bbdefault\u00bb background_enable_image=\u00bboff\u00bb global_colors_info=\u00bb{}\u00bb][et_pb_image src=\u00bbhttps:\/\/livewhoyouare.co\/wp-content\/uploads\/2023\/04\/CONTACT-ME-scaled.jpg\u00bb title_text=\u00bbCONTACT ME\u00bb _builder_version=\u00bb4.21.0&#8243; _module_preset=\u00bbdefault\u00bb global_colors_info=\u00bb{}\u00bb][\/et_pb_image][\/et_pb_column][et_pb_column type=\u00bb1_2&#8243; _builder_version=\u00bb4.20.4&#8243; _module_preset=\u00bbdefault\u00bb global_colors_info=\u00bb{}\u00bb][et_pb_contact_form captcha=\u00bboff\u00bb email=\u00bbmez@livewhoyouare.co\u00bb success_message=\u00bbGracias por enviar tu mensaje. Te contestar\u00e9 muy pronto.\u00bb _builder_version=\u00bb4.21.0&#8243; _module_preset=\u00bbdefault\u00bb _unique_id=\u00bb1daba342-db98-47b0-9c76-2004849d1441&#8243; form_field_background_color=\u00bbrgba(203,213,207,0.46)\u00bb form_field_text_color=\u00bb#384650&#8243; form_field_focus_background_color=\u00bb#384650&#8243; form_field_focus_text_color=\u00bbrgba(203,213,207,0.5)\u00bb title_font=\u00bb|600|||||||\u00bb form_field_font=\u00bb|600|||||||\u00bb custom_button=\u00bbon\u00bb button_text_color=\u00bb#CBD5CF\u00bb button_bg_color=\u00bb#384650&#8243; button_border_width=\u00bb0px\u00bb button_use_icon=\u00bboff\u00bb module_alignment=\u00bbcenter\u00bb border_width_all=\u00bb1px\u00bb border_color_all=\u00bbrgba(56,70,80,0.03)\u00bb global_colors_info=\u00bb{}\u00bb][et_pb_contact_field field_id=\u00bbName\u00bb field_title=\u00bbName\u00bb fullwidth_field=\u00bbon\u00bb _builder_version=\u00bb4.20.4&#8243; global_colors_info=\u00bb{}\u00bb button_text_size__hover_enabled=\u00bboff\u00bb button_one_text_size__hover_enabled=\u00bboff\u00bb button_two_text_size__hover_enabled=\u00bboff\u00bb button_text_color__hover_enabled=\u00bboff\u00bb button_one_text_color__hover_enabled=\u00bboff\u00bb button_two_text_color__hover_enabled=\u00bboff\u00bb button_border_width__hover_enabled=\u00bboff\u00bb button_one_border_width__hover_enabled=\u00bboff\u00bb button_two_border_width__hover_enabled=\u00bboff\u00bb button_border_color__hover_enabled=\u00bboff\u00bb button_one_border_color__hover_enabled=\u00bboff\u00bb button_two_border_color__hover_enabled=\u00bboff\u00bb button_border_radius__hover_enabled=\u00bboff\u00bb button_one_border_radius__hover_enabled=\u00bboff\u00bb button_two_border_radius__hover_enabled=\u00bboff\u00bb button_letter_spacing__hover_enabled=\u00bboff\u00bb button_one_letter_spacing__hover_enabled=\u00bboff\u00bb button_two_letter_spacing__hover_enabled=\u00bboff\u00bb button_bg_color__hover_enabled=\u00bboff\u00bb button_one_bg_color__hover_enabled=\u00bboff\u00bb button_two_bg_color__hover_enabled=\u00bboff\u00bb][\/et_pb_contact_field][et_pb_contact_field field_id=\u00bbEmail\u00bb field_title=\u00bbEmail Address\u00bb field_type=\u00bbemail\u00bb fullwidth_field=\u00bbon\u00bb _builder_version=\u00bb4.20.4&#8243; global_colors_info=\u00bb{}\u00bb button_text_size__hover_enabled=\u00bboff\u00bb button_one_text_size__hover_enabled=\u00bboff\u00bb button_two_text_size__hover_enabled=\u00bboff\u00bb button_text_color__hover_enabled=\u00bboff\u00bb button_one_text_color__hover_enabled=\u00bboff\u00bb button_two_text_color__hover_enabled=\u00bboff\u00bb button_border_width__hover_enabled=\u00bboff\u00bb button_one_border_width__hover_enabled=\u00bboff\u00bb button_two_border_width__hover_enabled=\u00bboff\u00bb button_border_color__hover_enabled=\u00bboff\u00bb button_one_border_color__hover_enabled=\u00bboff\u00bb button_two_border_color__hover_enabled=\u00bboff\u00bb button_border_radius__hover_enabled=\u00bboff\u00bb button_one_border_radius__hover_enabled=\u00bboff\u00bb button_two_border_radius__hover_enabled=\u00bboff\u00bb button_letter_spacing__hover_enabled=\u00bboff\u00bb button_one_letter_spacing__hover_enabled=\u00bboff\u00bb button_two_letter_spacing__hover_enabled=\u00bboff\u00bb button_bg_color__hover_enabled=\u00bboff\u00bb button_one_bg_color__hover_enabled=\u00bboff\u00bb button_two_bg_color__hover_enabled=\u00bboff\u00bb][\/et_pb_contact_field][et_pb_contact_field field_id=\u00bbMessage\u00bb field_title=\u00bbMessage\u00bb field_type=\u00bbtext\u00bb fullwidth_field=\u00bbon\u00bb _builder_version=\u00bb4.16&#8243; global_colors_info=\u00bb{}\u00bb button_text_size__hover_enabled=\u00bboff\u00bb button_one_text_size__hover_enabled=\u00bboff\u00bb button_two_text_size__hover_enabled=\u00bboff\u00bb button_text_color__hover_enabled=\u00bboff\u00bb button_one_text_color__hover_enabled=\u00bboff\u00bb button_two_text_color__hover_enabled=\u00bboff\u00bb button_border_width__hover_enabled=\u00bboff\u00bb button_one_border_width__hover_enabled=\u00bboff\u00bb button_two_border_width__hover_enabled=\u00bboff\u00bb button_border_color__hover_enabled=\u00bboff\u00bb button_one_border_color__hover_enabled=\u00bboff\u00bb button_two_border_color__hover_enabled=\u00bboff\u00bb button_border_radius__hover_enabled=\u00bboff\u00bb button_one_border_radius__hover_enabled=\u00bboff\u00bb button_two_border_radius__hover_enabled=\u00bboff\u00bb button_letter_spacing__hover_enabled=\u00bboff\u00bb button_one_letter_spacing__hover_enabled=\u00bboff\u00bb button_two_letter_spacing__hover_enabled=\u00bboff\u00bb button_bg_color__hover_enabled=\u00bboff\u00bb button_one_bg_color__hover_enabled=\u00bboff\u00bb button_two_bg_color__hover_enabled=\u00bboff\u00bb][\/et_pb_contact_field][\/et_pb_contact_form][\/et_pb_column][\/et_pb_row][\/et_pb_section][et_pb_section fb_built=\u00bb1&#8243; _builder_version=\u00bb4.20.4&#8243; _module_preset=\u00bbdefault\u00bb custom_padding=\u00bb0px||0px||true|false\u00bb global_colors_info=\u00bb{}\u00bb][et_pb_row disabled_on=\u00bbon|on|off\u00bb _builder_version=\u00bb4.21.0&#8243; _module_preset=\u00bbdefault\u00bb width_tablet=\u00bb90%\u00bb width_phone=\u00bb90%\u00bb width_last_edited=\u00bbon|phone\u00bb module_alignment=\u00bbcenter\u00bb global_colors_info=\u00bb{}\u00bb][et_pb_column type=\u00bb4_4&#8243; _builder_version=\u00bb4.20.4&#8243; _module_preset=\u00bbdefault\u00bb background_enable_color=\u00bboff\u00bb custom_padding=\u00bb3%|3%|3%|3%|true|true\u00bb border_radii=\u00bbon|25px|25px|25px|25px\u00bb global_colors_info=\u00bb{}\u00bb][et_pb_post_slider posts_number=\u00bb5&#8243; include_categories=\u00bb17,13,12,11&#8243; orderby=\u00bbdate_asc\u00bb more_text=\u00bb Leer m\u00e1s\u00bb excerpt_length=\u00bb100&#8243; image_placement=\u00bbleft\u00bb use_bg_overlay=\u00bboff\u00bb use_text_overlay=\u00bboff\u00bb arrows_custom_color=\u00bb#384650&#8243; dot_nav_custom_color=\u00bb#384650&#8243; show_arrows_tablet=\u00bb\u00bb show_arrows_phone=\u00bboff\u00bb show_arrows_last_edited=\u00bbon|desktop\u00bb show_image_tablet=\u00bb\u00bb show_image_phone=\u00bbon\u00bb show_image_last_edited=\u00bbon|phone\u00bb _builder_version=\u00bb4.21.0&#8243; _module_preset=\u00bbdefault\u00bb header_font=\u00bb||||||||\u00bb header_text_color=\u00bb#384650&#8243; body_text_color=\u00bb#384650&#8243; meta_text_color=\u00bb#384650&#8243; background_color=\u00bb#EBEBEB\u00bb custom_button=\u00bbon\u00bb button_text_size=\u00bb17px\u00bb button_bg_color=\u00bb#C6A062&#8243; button_border_width=\u00bb0px\u00bb button_alignment=\u00bbleft\u00bb content_width=\u00bb100%\u00bb content_width_tablet=\u00bb100%\u00bb content_width_phone=\u00bb100%\u00bb content_width_last_edited=\u00bbon|phone\u00bb height=\u00bb600px\u00bb height_tablet=\u00bb600px\u00bb height_phone=\u00bb550px\u00bb height_last_edited=\u00bbon|phone\u00bb custom_margin=\u00bb||||false|false\u00bb custom_padding=\u00bb40px||40px||true|false\u00bb button_alignment_tablet=\u00bbcenter\u00bb button_alignment_phone=\u00bbcenter\u00bb button_alignment_last_edited=\u00bbon|phone\u00bb border_radii=\u00bbon|NaNpx|NaNpx|NaNpx|NaNpx\u00bb global_colors_info=\u00bb{}\u00bb][\/et_pb_post_slider][et_pb_button button_url=\u00bbhttps:\/\/livewhoyouare.co\/blog\/\u00bb button_text=\u00bbVer blogs\u00bb _builder_version=\u00bb4.20.4&#8243; _module_preset=\u00bbdefault\u00bb custom_button=\u00bbon\u00bb button_text_size=\u00bb22px\u00bb button_text_color=\u00bb#CBD5CF\u00bb button_use_icon=\u00bbon\u00bb button_icon=\u00bb&#xe0a7;||divi||400&#8243; button_icon_color=\u00bb#CBD5CF\u00bb button_icon_placement=\u00bbleft\u00bb custom_margin=\u00bb||||false|false\u00bb custom_padding=\u00bb|3%||6%|false|false\u00bb custom_padding_tablet=\u00bb|3%||6%|false|false\u00bb custom_padding_phone=\u00bb|18%||18%|false|true\u00bb custom_padding_last_edited=\u00bbon|phone\u00bb global_colors_info=\u00bb{}\u00bb][\/et_pb_button][\/et_pb_column][\/et_pb_row][et_pb_row disabled_on=\u00bboff|off|on\u00bb _builder_version=\u00bb4.21.0&#8243; _module_preset=\u00bbdefault\u00bb width_tablet=\u00bb90%\u00bb width_phone=\u00bb90%\u00bb width_last_edited=\u00bbon|phone\u00bb module_alignment=\u00bbcenter\u00bb global_colors_info=\u00bb{}\u00bb][et_pb_column type=\u00bb4_4&#8243; _builder_version=\u00bb4.20.4&#8243; _module_preset=\u00bbdefault\u00bb background_enable_color=\u00bboff\u00bb custom_padding=\u00bb3%|3%|3%|3%|true|true\u00bb border_radii=\u00bbon|25px|25px|25px|25px\u00bb global_colors_info=\u00bb{}\u00bb][et_pb_post_slider posts_number=\u00bb5&#8243; include_categories=\u00bb17,13,12,11&#8243; orderby=\u00bbdate_asc\u00bb more_text=\u00bb Leer m\u00e1s\u00bb excerpt_length=\u00bb100&#8243; bg_overlay_color=\u00bbrgba(56,70,80,0.75)\u00bb use_text_overlay=\u00bboff\u00bb arrows_custom_color=\u00bb#EBEBEB\u00bb dot_nav_custom_color=\u00bb#384650&#8243; show_arrows_tablet=\u00bb\u00bb show_arrows_phone=\u00bbon\u00bb show_arrows_last_edited=\u00bbon|desktop\u00bb show_image_tablet=\u00bb\u00bb show_image_phone=\u00bbon\u00bb show_image_last_edited=\u00bbon|phone\u00bb arrows_custom_color_tablet=\u00bb#EBEBEB\u00bb arrows_custom_color_phone=\u00bb#EBEBEB\u00bb arrows_custom_color_last_edited=\u00bbon|phone\u00bb dot_nav_custom_color_tablet=\u00bb#384650&#8243; dot_nav_custom_color_phone=\u00bb#EBEBEB\u00bb dot_nav_custom_color_last_edited=\u00bbon|phone\u00bb _builder_version=\u00bb4.21.0&#8243; _module_preset=\u00bbdefault\u00bb header_font=\u00bb||||||||\u00bb header_text_color=\u00bb#EBEBEB\u00bb body_text_color=\u00bb#EBEBEB\u00bb meta_text_color=\u00bb#EBEBEB\u00bb background_color=\u00bb#EBEBEB\u00bb custom_button=\u00bbon\u00bb button_text_size=\u00bb17px\u00bb button_bg_color=\u00bb#C6A062&#8243; button_border_width=\u00bb0px\u00bb button_alignment=\u00bbleft\u00bb content_width=\u00bb100%\u00bb content_width_tablet=\u00bb100%\u00bb content_width_phone=\u00bb100%\u00bb content_width_last_edited=\u00bbon|phone\u00bb height=\u00bb600px\u00bb height_tablet=\u00bb600px\u00bb height_phone=\u00bb550px\u00bb height_last_edited=\u00bbon|phone\u00bb custom_margin=\u00bb||||false|false\u00bb custom_padding=\u00bb40px||40px||true|false\u00bb button_alignment_tablet=\u00bbcenter\u00bb button_alignment_phone=\u00bbcenter\u00bb button_alignment_last_edited=\u00bbon|phone\u00bb border_radii=\u00bbon|NaNpx|NaNpx|NaNpx|NaNpx\u00bb global_colors_info=\u00bb{}\u00bb][\/et_pb_post_slider][et_pb_button button_url=\u00bbhttps:\/\/livewhoyouare.co\/blog\/\u00bb button_text=\u00bbVer blogs\u00bb _builder_version=\u00bb4.20.4&#8243; _module_preset=\u00bbdefault\u00bb custom_button=\u00bbon\u00bb button_text_size=\u00bb22px\u00bb button_text_color=\u00bb#CBD5CF\u00bb button_use_icon=\u00bbon\u00bb button_icon=\u00bb&#xe0a7;||divi||400&#8243; button_icon_color=\u00bb#CBD5CF\u00bb button_icon_placement=\u00bbleft\u00bb custom_margin=\u00bb||||false|false\u00bb custom_padding=\u00bb|3%||6%|false|false\u00bb custom_padding_tablet=\u00bb|3%||6%|false|false\u00bb custom_padding_phone=\u00bb|18%||18%|false|true\u00bb custom_padding_last_edited=\u00bbon|phone\u00bb global_colors_info=\u00bb{}\u00bb][\/et_pb_button][\/et_pb_column][\/et_pb_row][\/et_pb_section][et_pb_section fb_built=\u00bb1&#8243; custom_padding_last_edited=\u00bbon|phone\u00bb _builder_version=\u00bb4.21.0&#8243; _module_preset=\u00bbdefault\u00bb custom_padding=\u00bb27%||||false|false\u00bb custom_padding_tablet=\u00bb50%||||false|false\u00bb custom_padding_phone=\u00bb80%||||false|false\u00bb hover_enabled=\u00bb0&#8243; locked=\u00bboff\u00bb global_colors_info=\u00bb{}\u00bb sticky_enabled=\u00bb0&#8243;][et_pb_row _builder_version=\u00bb4.20.4&#8243; _module_preset=\u00bbdefault\u00bb background_color=\u00bb#CBD5CF\u00bb positioning=\u00bbabsolute\u00bb position_origin_a=\u00bbbottom_center\u00bb width=\u00bb30%\u00bb width_tablet=\u00bb60%\u00bb width_phone=\u00bb77%\u00bb width_last_edited=\u00bbon|phone\u00bb custom_margin=\u00bb||||true|false\u00bb custom_padding=\u00bb8%|2%|3%|2%|false|true\u00bb border_radii=\u00bboff|400px|400px||\u00bb locked=\u00bboff\u00bb global_colors_info=\u00bb{}\u00bb][et_pb_column type=\u00bb4_4&#8243; _builder_version=\u00bb4.20.4&#8243; _module_preset=\u00bbdefault\u00bb global_colors_info=\u00bb{}\u00bb][et_pb_image src=\u00bbhttps:\/\/livewhoyouare.co\/wp-content\/uploads\/2023\/04\/Asset-3@300x.png\u00bb title_text=\u00bbAsset 3@300x\u00bb _builder_version=\u00bb4.20.4&#8243; _module_preset=\u00bbdefault\u00bb width=\u00bb70%\u00bb width_tablet=\u00bb64%\u00bb width_phone=\u00bb67%\u00bb width_last_edited=\u00bbon|tablet\u00bb module_alignment=\u00bbcenter\u00bb global_colors_info=\u00bb{}\u00bb][\/et_pb_image][et_pb_text _builder_version=\u00bb4.20.4&#8243; _module_preset=\u00bbdefault\u00bb text_font=\u00bb||||||||\u00bb global_colors_info=\u00bb{}\u00bb]\u201cWe know that all things work for good for those who love God, who are called according to his purpose..\u201d<br \/>\n<strong>-Romans 8:28<\/strong>[\/et_pb_text][et_pb_button button_url=\u00bb\/contacto\/\u00bb button_text=\u00bbInscr\u00edbete\u00bb _builder_version=\u00bb4.21.0&#8243; _module_preset=\u00bbdefault\u00bb custom_button=\u00bbon\u00bb custom_margin=\u00bb9%||||false|false\u00bb global_colors_info=\u00bb{}\u00bb][\/et_pb_button][\/et_pb_column][\/et_pb_row][\/et_pb_section]<\/p>","protected":false},"excerpt":{"rendered":"<p>\u00a1HABLEMOS!Selecciona el horario que mejor te resulte dentro de las opciones de mi calendario. Me encantar\u00e1 conocerte, brindarte la informaci\u00f3n detallada del taller y avanzar a tu lado en hacer vida tu prop\u00f3sito.Para cualquier otra consulta, favor llenar el formulario de contacto y con gusto te responder\u00e9 por correo electr\u00f3nico a la mayor brevedad.\u201cWe know [&hellip;]<\/p>","protected":false},"author":1,"featured_media":0,"parent":0,"menu_order":0,"comment_status":"closed","ping_status":"closed","template":"","meta":{"_et_pb_use_builder":"on","_et_pb_old_content":"","_et_gb_content_width":"","_view_id":"","footnotes":""},"class_list":["post-230809","page","type-page","status-publish","hentry"],"_links":{"self":[{"href":"https:\/\/livewhoyouare.co\/en_us\/wp-json\/wp\/v2\/pages\/230809","targetHints":{"allow":["GET"]}}],"collection":[{"href":"https:\/\/livewhoyouare.co\/en_us\/wp-json\/wp\/v2\/pages"}],"about":[{"href":"https:\/\/livewhoyouare.co\/en_us\/wp-json\/wp\/v2\/types\/page"}],"author":[{"embeddable":true,"href":"https:\/\/livewhoyouare.co\/en_us\/wp-json\/wp\/v2\/users\/1"}],"replies":[{"embeddable":true,"href":"https:\/\/livewhoyouare.co\/en_us\/wp-json\/wp\/v2\/comments?post=230809"}],"version-history":[{"count":15,"href":"https:\/\/livewhoyouare.co\/en_us\/wp-json\/wp\/v2\/pages\/230809\/revisions"}],"predecessor-version":[{"id":231747,"href":"https:\/\/livewhoyouare.co\/en_us\/wp-json\/wp\/v2\/pages\/230809\/revisions\/231747"}],"wp:attachment":[{"href":"https:\/\/livewhoyouare.co\/en_us\/wp-json\/wp\/v2\/media?parent=230809"}],"curies":[{"name":"wp","href":"https:\/\/api.w.org\/{rel}","templated":true}]}}