{"id":230836,"date":"2023-04-18T05:05:05","date_gmt":"2023-04-18T05:05:05","guid":{"rendered":"https:\/\/livewhoyouare.co\/?page_id=230836"},"modified":"2023-05-25T06:53:14","modified_gmt":"2023-05-25T06:53:14","slug":"testimonials","status":"publish","type":"page","link":"https:\/\/livewhoyouare.co\/en_us\/testimonials\/","title":{"rendered":"Testimonials"},"content":{"rendered":"<p>[et_pb_section fb_built=\u00bb1&#8243; disabled_on=\u00bboff|off|off\u00bb _builder_version=\u00bb4.20.4&#8243; _module_preset=\u00bbdefault\u00bb background_enable_color=\u00bboff\u00bb custom_padding=\u00bb0px||0px||true|false\u00bb locked=\u00bboff\u00bb global_colors_info=\u00bb{}\u00bb][et_pb_row _builder_version=\u00bb4.20.4&#8243; _module_preset=\u00bbdefault\u00bb background_enable_color=\u00bboff\u00bb custom_padding=\u00bb||||true|false\u00bb global_colors_info=\u00bb{}\u00bb][et_pb_column type=\u00bb4_4&#8243; _builder_version=\u00bb4.20.4&#8243; _module_preset=\u00bbdefault\u00bb global_colors_info=\u00bb{}\u00bb][et_pb_text _builder_version=\u00bb4.20.4&#8243; _module_preset=\u00bbdefault\u00bb text_font=\u00bbMontserrat|700|||||||\u00bb text_text_color=\u00bb#C6A062&#8243; text_font_size=\u00bb50px\u00bb text_line_height=\u00bb1.6em\u00bb header_2_font=\u00bbMontserrat|700|||||||\u00bb header_2_font_size=\u00bb60px\u00bb text_font_size_tablet=\u00bb35px\u00bb text_font_size_phone=\u00bb25px\u00bb text_font_size_last_edited=\u00bbon|phone\u00bb header_2_font_size_tablet=\u00bb35px\u00bb header_2_font_size_phone=\u00bb30px\u00bb header_2_font_size_last_edited=\u00bbon|phone\u00bb global_colors_info=\u00bb{}\u00bb]<\/p>\n<h2>TESTIMONIALS<\/h2>\n<p>[\/et_pb_text][\/et_pb_column][\/et_pb_row][\/et_pb_section][et_pb_section fb_built=\u00bb1&#8243; admin_label=\u00bbsection\u00bb _builder_version=\u00bb4.20.4&#8243; background_color=\u00bb#CBD5CF\u00bb custom_padding=\u00bb0px||||false|false\u00bb global_colors_info=\u00bb{}\u00bb][et_pb_row column_structure=\u00bb1_2,1_2&#8243; use_custom_gutter=\u00bbon\u00bb gutter_width=\u00bb2&#8243; admin_label=\u00bbrow\u00bb _builder_version=\u00bb4.20.4&#8243; background_color=\u00bb#CBD5CF\u00bb background_size=\u00bbinitial\u00bb background_position=\u00bbtop_left\u00bb background_repeat=\u00bbrepeat\u00bb custom_margin=\u00bb||||false|false\u00bb custom_padding=\u00bb||0px||false|false\u00bb global_colors_info=\u00bb{}\u00bb][et_pb_column type=\u00bb1_2&#8243; _builder_version=\u00bb4.20.4&#8243; background_enable_color=\u00bboff\u00bb custom_padding=\u00bb3%|3%|3%|3%|true|true\u00bb global_colors_info=\u00bb{}\u00bb custom_padding__hover=\u00bb|||\u00bb][et_pb_blurb image=\u00bbhttps:\/\/livewhoyouare.co\/wp-content\/uploads\/2023\/05\/Emmy-Sammans-Testimonials.png\u00bb icon_placement=\u00bbleft\u00bb _builder_version=\u00bb4.21.0&#8243; _module_preset=\u00bbdefault\u00bb header_font=\u00bb|600|||||||\u00bb header_text_color=\u00bb#384650&#8243; header_font_size=\u00bb21px\u00bb background_color=\u00bbrgba(255,255,255,0.39)\u00bb text_orientation=\u00bbjustified\u00bb custom_padding=\u00bb6%|4%|6%|4%|true|true\u00bb custom_css_blurb_image=\u00bbwidth:20%;\u00bb border_radii_image=\u00bbon|50px|50px|50px|50px\u00bb global_colors_info=\u00bb{}\u00bb]<\/p>\n<p>Maru, since Friday, I wanted to write to thank you for your valuable time, but above all, for the preparation and dedication I know you have invested in preparing the material just to speak with us. I am so impressed with your ability to take control of a meeting and guide all participants, focusing on the details to reach a specific goal while keeping the meeting focused and punctual. It's a gift you have, and not only that, but your quality as a person, your inner light is so strong that you should go through this world touching hearts. You don't know how much you've helped me with just what we did. I love how God is using you to change lives, maybe you don't even realize it, but it's so clear to see the people whom God chooses and who obey His calling. This is your calling, Maru, you're excellent! I'm so excited to be a witness to what God will do with your life, where He will take you, and the lives you will change along the way. I thank Him that we are on that list. =) As I told you before, you are worth gold and you shine like it.<\/p>\n<p><span style=\"color: #000;\"><em>Emmy Samans. Principal, Lead Designer. Carnegie Group Interior Design<\/em><\/span><\/p>\n<p>[\/et_pb_blurb][et_pb_blurb image=\u00bbhttps:\/\/livewhoyouare.co\/wp-content\/uploads\/2023\/04\/Kelly_Mortensen_testimonial-scaled.jpg\u00bb icon_placement=\u00bbleft\u00bb _builder_version=\u00bb4.20.4&#8243; _module_preset=\u00bbdefault\u00bb header_font=\u00bb|600|||||||\u00bb header_text_color=\u00bb#384650&#8243; header_font_size=\u00bb21px\u00bb background_color=\u00bbrgba(255,255,255,0.39)\u00bb text_orientation=\u00bbjustified\u00bb custom_padding=\u00bb6%|4%|6%|4%|true|true\u00bb custom_css_blurb_image=\u00bbwidth:20%;\u00bb border_radii_image=\u00bbon|50px|50px|50px|50px\u00bb global_colors_info=\u00bb{}\u00bb]Being coached by Maria is an incredible gift. She uses her intuition to guide the conversion exactly where it needs to go. It never fails that after any coaching session with her, I feel completely seen and valued for who I truly am, right down to my core. When I&#8217;ve felt stuck or unmotivated, she allowed space for processing and helped me shift my perspective so that I could move forward. I whole-heartedly recommend working with Maria any chance you get!<\/p>\n<p><span style=\"color:#000;\"><em>Kelly Mortensen, ELI-MP State of Flow Wellness Co<\/em><\/span>[\/et_pb_blurb][et_pb_blurb image=\u00bbhttps:\/\/livewhoyouare.co\/wp-content\/uploads\/2023\/04\/png.jpg\u00bb icon_placement=\u00bbleft\u00bb _builder_version=\u00bb4.21.0&#8243; _module_preset=\u00bbdefault\u00bb header_font=\u00bb|600|||||||\u00bb header_text_color=\u00bb#384650&#8243; header_font_size=\u00bb21px\u00bb background_color=\u00bbrgba(255,255,255,0.39)\u00bb text_orientation=\u00bbjustified\u00bb custom_padding=\u00bb6%|4%|6%|4%|true|true\u00bb custom_css_blurb_image=\u00bbwidth:20%;\u00bb border_radii_image=\u00bbon|50px|50px|50px|50px\u00bb global_colors_info=\u00bb{}\u00bb]<\/p>\n<p>You need to hire Maria. In just a handful of sessions she was able to help me truly identify what has been holding me back from becoming the version of me and the business I have been envisioning, while also helping me to stay accountable to the actions I want to take. Thank you, Maria.<\/p>\n<p><span style=\"color: #000;\"><em>Clayton Boone. Founder. Ring The Bell Coaching<\/em><\/span><\/p>\n<p>[\/et_pb_blurb][\/et_pb_column][et_pb_column type=\u00bb1_2&#8243; _builder_version=\u00bb4.20.4&#8243; background_enable_color=\u00bboff\u00bb custom_padding=\u00bb3%|3%|3%|3%|true|true\u00bb global_colors_info=\u00bb{}\u00bb custom_padding__hover=\u00bb|||\u00bb][et_pb_blurb image=\u00bbhttps:\/\/livewhoyouare.co\/wp-content\/uploads\/2023\/05\/WhatsApp-Image-2023-05-01-at-8.46.38-AM-1-e1683022608388.jpeg\u00bb icon_placement=\u00bbleft\u00bb _builder_version=\u00bb4.21.0&#8243; _module_preset=\u00bbdefault\u00bb header_font=\u00bb|600|||||||\u00bb header_text_color=\u00bb#384650&#8243; header_font_size=\u00bb21px\u00bb background_color=\u00bbrgba(255,255,255,0.39)\u00bb text_orientation=\u00bbjustified\u00bb custom_padding=\u00bb6%|4%|6%|4%|true|true\u00bb custom_css_blurb_image=\u00bbwidth:20%;\u00bb border_radii_image=\u00bbon|50px|50px|50px|50px\u00bb global_colors_info=\u00bb{}\u00bb]<\/p>\n<p>\"I worked with Maria Eugenia as a consultant for several weeks in the months following the pandemic. She helped me tremendously in seeing the details that we overlooked while getting caught up in the day-to-day tasks. Her patience, professionalism, and expertise contributed to a significant leap in my business! Thank you very much for your dedication and time!\"<\/p>\n<p><em><span style=\"color: #000;\">Helena M. Tercero. Entrepreneur. Lalena\u00b4s Food<\/span><\/em><\/p>\n<p>[\/et_pb_blurb][et_pb_blurb image=\u00bbhttps:\/\/livewhoyouare.co\/wp-content\/uploads\/2023\/05\/Tremain-Fedke-Testimonial-2-e1683030213626.jpg\u00bb icon_placement=\u00bbleft\u00bb _builder_version=\u00bb4.21.0&#8243; _module_preset=\u00bbdefault\u00bb header_font=\u00bb|600|||||||\u00bb header_text_color=\u00bb#384650&#8243; header_font_size=\u00bb21px\u00bb background_color=\u00bbrgba(255,255,255,0.39)\u00bb text_orientation=\u00bbjustified\u00bb custom_padding=\u00bb6%|4%|6%|4%|true|true\u00bb custom_css_blurb_image=\u00bbwidth:20%;\u00bb border_radii_image=\u00bbon|50px|50px|50px|50px\u00bb global_colors_info=\u00bb{}\u00bb]<\/p>\n<p>\u201cCoach Maria partnered with me in taking my big bold idea and turning it into ACTION! She opened my eyes to what I was able to accomplish and held me accountable. We had some power sessions and then next thing you know I received my 1st check. Don&#8217;t hold back on your dreams!\u201d<\/p>\n<p><span style=\"color: #000;\"><em>Tremain Fedke. Entrepreneur. Katy\u00b4s Private Cheer Coach<\/em><\/span><\/p>\n<p>[\/et_pb_blurb][et_pb_blurb image=\u00bbhttps:\/\/livewhoyouare.co\/wp-content\/uploads\/2023\/05\/4-1.jpeg\u00bb icon_placement=\u00bbleft\u00bb _builder_version=\u00bb4.21.0&#8243; _module_preset=\u00bbdefault\u00bb header_font=\u00bb|600|||||||\u00bb header_text_color=\u00bb#384650&#8243; header_font_size=\u00bb21px\u00bb background_color=\u00bbrgba(255,255,255,0.39)\u00bb text_orientation=\u00bbjustified\u00bb custom_padding=\u00bb6%|4%|6%|4%|true|true\u00bb custom_css_blurb_image=\u00bbwidth:20%;\u00bb border_radii_image=\u00bbon|50px|50px|50px|50px\u00bb global_colors_info=\u00bb{}\u00bb]<\/p>\n<p>\"I know very few people in my life with whom I can talk about any topic, personal or professional, like with Maria Eugenia, but it's not just about trust, it's about having the certainty that her advice and guidance will be accurate and on point.<br \/>About 13 years ago, when I was just starting in the textile world, she gave me the opportunity to develop a line of souvenirs for Caf\u00e9 las Flores, and to be honest, I had no idea what I was doing or what I was designing. I was just beginning, but instead of criticizing me or seeking other options, she encouraged me to continue and had faith in me at a time when I clearly doubted my abilities. Today, I can say that every time I sit down to design or develop a new project, I always remember the person who gave me my first opportunity.<\/p>\n<p>I have known her for over 20 years, maybe even more, and I have no doubt that I will continue to seek her whenever I need advice or words of encouragement... I will continue to seek her to find answers that are hard to find in common places because there are answers that can only be found in the corners of the mind and heart of special people like her.\".<\/p>\n<p><span style=\"color: #000;\"><em>Ricardo Espinosa M.<\/em><\/span><\/p>\n<p>[\/et_pb_blurb][\/et_pb_column][\/et_pb_row][\/et_pb_section][et_pb_section fb_built=\u00bb1&#8243; custom_padding_last_edited=\u00bbon|phone\u00bb _builder_version=\u00bb4.21.0&#8243; _module_preset=\u00bbdefault\u00bb custom_padding=\u00bb27%||||false|false\u00bb custom_padding_tablet=\u00bb50%||||false|false\u00bb custom_padding_phone=\u00bb80%||||false|false\u00bb hover_enabled=\u00bb0&#8243; locked=\u00bboff\u00bb global_colors_info=\u00bb{}\u00bb sticky_enabled=\u00bb0&#8243;][et_pb_row _builder_version=\u00bb4.20.4&#8243; _module_preset=\u00bbdefault\u00bb background_color=\u00bb#CBD5CF\u00bb positioning=\u00bbabsolute\u00bb position_origin_a=\u00bbbottom_center\u00bb width=\u00bb30%\u00bb width_tablet=\u00bb60%\u00bb width_phone=\u00bb77%\u00bb width_last_edited=\u00bbon|phone\u00bb custom_margin=\u00bb||||true|false\u00bb custom_padding=\u00bb8%|2%|3%|2%|false|true\u00bb border_radii=\u00bboff|400px|400px||\u00bb locked=\u00bboff\u00bb global_colors_info=\u00bb{}\u00bb][et_pb_column type=\u00bb4_4&#8243; _builder_version=\u00bb4.20.4&#8243; _module_preset=\u00bbdefault\u00bb global_colors_info=\u00bb{}\u00bb][et_pb_image src=\u00bbhttps:\/\/livewhoyouare.co\/wp-content\/uploads\/2023\/04\/Asset-3@300x.png\u00bb title_text=\u00bbAsset 3@300x\u00bb _builder_version=\u00bb4.20.4&#8243; _module_preset=\u00bbdefault\u00bb width=\u00bb70%\u00bb width_tablet=\u00bb64%\u00bb width_phone=\u00bb67%\u00bb width_last_edited=\u00bbon|tablet\u00bb module_alignment=\u00bbcenter\u00bb global_colors_info=\u00bb{}\u00bb][\/et_pb_image][et_pb_text _builder_version=\u00bb4.20.4&#8243; _module_preset=\u00bbdefault\u00bb text_font=\u00bb||||||||\u00bb global_colors_info=\u00bb{}\u00bb]Work is LOVE made visible.\u201d<br \/>\n<strong>-R.GILBRAN<\/strong>[\/et_pb_text][et_pb_button button_url=\u00bb\/contacto\/\u00bb button_text=\u00bbInscr\u00edbete\u00bb _builder_version=\u00bb4.21.0&#8243; _module_preset=\u00bbdefault\u00bb custom_button=\u00bbon\u00bb custom_margin=\u00bb9%||||false|false\u00bb global_colors_info=\u00bb{}\u00bb][\/et_pb_button][\/et_pb_column][\/et_pb_row][\/et_pb_section]<\/p>","protected":false},"excerpt":{"rendered":"<p>TESTIMONIOSMaru, Desde el Viernes te quer\u00eda escribir para agradecerte por tu valioso tiempo, pero m\u00e1s que nada por la preparaci\u00f3n y dedicaci\u00f3n que se que le has invertido en solo preparar el material para hablar con nosotras. Estoy tan impresionada con tu capacidad de tomar control de una reuni\u00f3n y guiar a todos los participantes [&hellip;]<\/p>","protected":false},"author":1,"featured_media":0,"parent":0,"menu_order":0,"comment_status":"closed","ping_status":"closed","template":"","meta":{"_et_pb_use_builder":"on","_et_pb_old_content":"","_et_gb_content_width":"","_view_id":"","footnotes":""},"class_list":["post-230836","page","type-page","status-publish","hentry"],"_links":{"self":[{"href":"https:\/\/livewhoyouare.co\/en_us\/wp-json\/wp\/v2\/pages\/230836","targetHints":{"allow":["GET"]}}],"collection":[{"href":"https:\/\/livewhoyouare.co\/en_us\/wp-json\/wp\/v2\/pages"}],"about":[{"href":"https:\/\/livewhoyouare.co\/en_us\/wp-json\/wp\/v2\/types\/page"}],"author":[{"embeddable":true,"href":"https:\/\/livewhoyouare.co\/en_us\/wp-json\/wp\/v2\/users\/1"}],"replies":[{"embeddable":true,"href":"https:\/\/livewhoyouare.co\/en_us\/wp-json\/wp\/v2\/comments?post=230836"}],"version-history":[{"count":3,"href":"https:\/\/livewhoyouare.co\/en_us\/wp-json\/wp\/v2\/pages\/230836\/revisions"}],"predecessor-version":[{"id":231745,"href":"https:\/\/livewhoyouare.co\/en_us\/wp-json\/wp\/v2\/pages\/230836\/revisions\/231745"}],"wp:attachment":[{"href":"https:\/\/livewhoyouare.co\/en_us\/wp-json\/wp\/v2\/media?parent=230836"}],"curies":[{"name":"wp","href":"https:\/\/api.w.org\/{rel}","templated":true}]}}